{"id":4347,"date":"2019-07-06T11:13:35","date_gmt":"2019-07-06T09:13:35","guid":{"rendered":"https:\/\/burilpartners.cz\/team\/mgr-jan-buril\/"},"modified":"2022-12-18T10:22:50","modified_gmt":"2022-12-18T09:22:50","slug":"mgr-jan-buril","status":"publish","type":"page","link":"https:\/\/burilpartners.cz\/en\/team\/mgr-jan-buril\/","title":{"rendered":"Mgr. Jan Bu\u0159il"},"content":{"rendered":"<p><div class=\"fusion-fullwidth fullwidth-box fusion-builder-row-1 nonhundred-percent-fullwidth non-hundred-percent-height-scrolling fusion-equal-height-columns\" style=\"--awb-border-radius-top-left:0px;--awb-border-radius-top-right:0px;--awb-border-radius-bottom-right:0px;--awb-border-radius-bottom-left:0px;--awb-padding-top:60px;--awb-flex-wrap:wrap;\" ><div class=\"fusion-builder-row fusion-row\"><div class=\"fusion-layout-column fusion_builder_column fusion-builder-column-0 fusion_builder_column_1_2 1_2 fusion-one-half fusion-column-first\" style=\"--awb-bg-size:cover;width:50%;width:calc(50% - ( ( 4% ) * 0.5 ) );margin-right: 4%;\"><div class=\"fusion-column-wrapper fusion-column-has-shadow fusion-flex-column-wrapper-legacy\"><div class=\"fusion-title title fusion-title-1 fusion-title-text fusion-title-size-one\" style=\"--awb-margin-top-small:0px;--awb-margin-right-small:0px;--awb-margin-bottom-small:20px;--awb-margin-left-small:0px;\"><h1 class=\"fusion-title-heading title-heading-left fusion-responsive-typography-calculated\" style=\"margin:0;--fontSize:44;line-height:1.45;\">Mgr. Jan Bu\u0159il<\/h1><span class=\"awb-title-spacer\"><\/span><div class=\"title-sep-container\"><div class=\"title-sep sep- sep-solid\" style=\"border-color:#e0dede;\"><\/div><\/div><\/div><div class=\"fusion-title title fusion-title-2 fusion-title-text fusion-title-size-three\" style=\"--awb-margin-top-small:0px;--awb-margin-right-small:0px;--awb-margin-bottom-small:20px;--awb-margin-left-small:0px;\"><h3 class=\"fusion-title-heading title-heading-left fusion-responsive-typography-calculated\" style=\"margin:0;--fontSize:26;line-height:1.41;\">Attorney-at-Law<\/h3><span class=\"awb-title-spacer\"><\/span><div class=\"title-sep-container\"><div class=\"title-sep sep- sep-solid\" style=\"border-color:#e0dede;\"><\/div><\/div><\/div><div class=\"fusion-text fusion-text-1\"><p>Mgr. Jan Buril graduated from the Law Faculty of Charles University in Prague in 1999. Jan gained practical knowledge and experience with law office operations as an associate during his clerkship in Scotland. Later on, he joined the Prague offices of Freshfields Bruckhaus Deringer where he specialized in commercial and competition law. Jan has inter alia participated in transactions relating to privatization of state enterprises (\u010cEZ a.s. \u2013 Czech energy enterprise).<\/p>\n<\/div><div class=\"fusion-social-links fusion-social-links-1\" style=\"--awb-margin-top:0px;--awb-margin-right:0px;--awb-margin-bottom:0px;--awb-margin-left:0px;--awb-box-border-top:0px;--awb-box-border-right:0px;--awb-box-border-bottom:0px;--awb-box-border-left:0px;--awb-icon-colors-hover:rgba(190,189,189,0.8);--awb-box-colors-hover:rgba(232,232,232,0.8);--awb-box-border-color:var(--awb-color3);--awb-box-border-color-hover:var(--awb-color4);\"><div class=\"fusion-social-networks boxed-icons color-type-custom\"><div class=\"fusion-social-networks-wrapper\"><a class=\"fusion-social-network-icon fusion-tooltip fusion-linkedin awb-icon-linkedin\" style=\"color:#bebdbd;font-size:16px;width:16px;background-color:#e8e8e8;border-color:#e8e8e8;border-radius:50px;\" data-placement=\"top\" data-title=\"LinkedIn\" data-toggle=\"tooltip\" title=\"LinkedIn\" aria-label=\"linkedin\" target=\"_blank\" rel=\"noopener noreferrer\" href=\"https:\/\/www.linkedin.com\/in\/jan-buril-30ba1140\/\"><\/a><a class=\"fusion-social-network-icon fusion-tooltip fusion-whatsapp awb-icon-whatsapp\" style=\"color:#bebdbd;font-size:16px;width:16px;background-color:#e8e8e8;border-color:#e8e8e8;border-radius:50px;\" data-placement=\"top\" data-title=\"WhatsApp\" data-toggle=\"tooltip\" title=\"WhatsApp\" aria-label=\"whatsapp\" target=\"_blank\" rel=\"noopener noreferrer\" href=\"tel:\/\/+420777888575 \"><\/a><a class=\"fusion-social-network-icon fusion-tooltip fusion-mail awb-icon-mail\" style=\"color:#bebdbd;font-size:16px;width:16px;background-color:#e8e8e8;border-color:#e8e8e8;border-radius:50px;\" data-placement=\"top\" data-title=\"Email\" data-toggle=\"tooltip\" title=\"Email\" aria-label=\"mail\" target=\"_blank\" rel=\"noopener noreferrer\" href=\"mailto:&#106;an.&#098;&#117;ri&#108;&#064;burilp&#097;r&#116;&#110;e&#114;s&#046;cz\"><\/a><\/div><\/div><\/div><div class=\"fusion-clearfix\"><\/div><\/div><\/div><div class=\"fusion-layout-column fusion_builder_column fusion-builder-column-1 fusion_builder_column_1_2 1_2 fusion-one-half fusion-column-last\" style=\"--awb-bg-size:cover;--awb-margin-bottom:0px;width:50%;width:calc(50% - ( ( 4% ) * 0.5 ) );\"><div class=\"fusion-column-wrapper fusion-column-has-shadow fusion-flex-column-wrapper-legacy\"><div class=\"fusion-image-element in-legacy-container\" style=\"--awb-caption-title-font-family:var(--h2_typography-font-family);--awb-caption-title-font-weight:var(--h2_typography-font-weight);--awb-caption-title-font-style:var(--h2_typography-font-style);--awb-caption-title-size:var(--h2_typography-font-size);--awb-caption-title-transform:var(--h2_typography-text-transform);--awb-caption-title-line-height:var(--h2_typography-line-height);--awb-caption-title-letter-spacing:var(--h2_typography-letter-spacing);\"><span class=\" fusion-imageframe imageframe-none imageframe-1 hover-type-none\"><img decoding=\"async\" width=\"900\" height=\"900\" title=\"Mgr-Jan-Buril\" src=\"http:\/\/burilpartners.cz\/wp-content\/uploads\/2022\/12\/Mgr-Jan-Buril.jpg\" alt class=\"img-responsive wp-image-5197\" srcset=\"https:\/\/burilpartners.cz\/wp-content\/uploads\/2022\/12\/Mgr-Jan-Buril-200x200.jpg 200w, https:\/\/burilpartners.cz\/wp-content\/uploads\/2022\/12\/Mgr-Jan-Buril-400x400.jpg 400w, https:\/\/burilpartners.cz\/wp-content\/uploads\/2022\/12\/Mgr-Jan-Buril-600x600.jpg 600w, https:\/\/burilpartners.cz\/wp-content\/uploads\/2022\/12\/Mgr-Jan-Buril-800x800.jpg 800w, https:\/\/burilpartners.cz\/wp-content\/uploads\/2022\/12\/Mgr-Jan-Buril.jpg 900w\" sizes=\"(max-width: 800px) 100vw, 600px\" \/><\/span><\/div><div class=\"fusion-clearfix\"><\/div><\/div><\/div><\/div><\/div><div class=\"fusion-fullwidth fullwidth-box fusion-builder-row-2 has-pattern-background has-mask-background fusion-parallax-none nonhundred-percent-fullwidth non-hundred-percent-height-scrolling\" style=\"--awb-background-position:center top;--awb-border-radius-top-left:0px;--awb-border-radius-top-right:0px;--awb-border-radius-bottom-right:0px;--awb-border-radius-bottom-left:0px;--awb-padding-top:200px;--awb-padding-bottom:150px;--awb-background-color:#00a7e1;--awb-background-image:url(&quot;https:\/\/burilpartners.cz\/wp-content\/uploads\/2022\/12\/skupinovka-3.jpg&quot;);--awb-background-size:cover;--awb-flex-wrap:wrap;\" ><div class=\"fusion-builder-row fusion-row\"><div class=\"fusion-layout-column fusion_builder_column fusion-builder-column-2 fusion_builder_column_1_1 1_1 fusion-one-full fusion-column-first fusion-column-last\" style=\"--awb-bg-size:cover;\"><div class=\"fusion-column-wrapper fusion-column-has-shadow fusion-flex-column-wrapper-legacy\"><div class=\"fusion-title title fusion-title-3 fusion-title-center fusion-title-text fusion-title-size-two\" style=\"--awb-text-color:#ffffff;--awb-margin-top-small:0px;--awb-margin-right-small:0px;--awb-margin-bottom-small:20px;--awb-margin-left-small:0px;\"><div class=\"title-sep-container title-sep-container-left\"><div class=\"title-sep sep- sep-solid\" style=\"border-color:#e0dede;\"><\/div><\/div><span class=\"awb-title-spacer\"><\/span><h2 class=\"fusion-title-heading title-heading-center fusion-responsive-typography-calculated\" style=\"margin:0;--fontSize:38;line-height:1.5;\">LET US COOPERATE<\/h2><span class=\"awb-title-spacer\"><\/span><div class=\"title-sep-container title-sep-container-right\"><div class=\"title-sep sep- sep-solid\" style=\"border-color:#e0dede;\"><\/div><\/div><\/div><div class=\"fusion-title title fusion-title-4 fusion-title-center fusion-title-text fusion-title-size-four\" style=\"--awb-text-color:#ffffff;--awb-margin-top-small:0px;--awb-margin-right-small:0px;--awb-margin-bottom-small:20px;--awb-margin-left-small:0px;\"><div class=\"title-sep-container title-sep-container-left\"><div class=\"title-sep sep- sep-solid\" style=\"border-color:#e0dede;\"><\/div><\/div><span class=\"awb-title-spacer\"><\/span><h4 class=\"fusion-title-heading title-heading-center fusion-responsive-typography-calculated\" style=\"margin:0;--fontSize:22;--minFontSize:22;line-height:1.43;\">We are ready to advise you on all legal matters and issues.<\/h4><span class=\"awb-title-spacer\"><\/span><div class=\"title-sep-container title-sep-container-right\"><div class=\"title-sep sep- sep-solid\" style=\"border-color:#e0dede;\"><\/div><\/div><\/div><div class=\"fusion-sep-clear\"><\/div><div class=\"fusion-separator fusion-full-width-sep\" style=\"margin-left: auto;margin-right: auto;margin-top:60px;width:100%;\"><\/div><div class=\"fusion-sep-clear\"><\/div><div class=\"fusion-button-wrapper fusion-aligncenter\"><a class=\"fusion-button button-flat fusion-button-default-size button-custom fusion-button-default button-1 fusion-button-default-span fusion-button-default-type fusion-animated\" style=\"--button_accent_color:#ffffff;--button_border_color:#ffffff;--button_accent_hover_color:#00a7e1;--button_border_hover_color:#00a7e1;--button_gradient_top_color:rgba(160,206,78,0);--button_gradient_bottom_color:rgba(160,206,78,0);--button_gradient_top_color_hover:#ffffff;--button_gradient_bottom_color_hover:#ffffff;\" data-animationType=\"fadeIn\" data-animationDuration=\"0.3\" data-animationOffset=\"top-into-view\" target=\"_self\" href=\"https:\/\/burilpartners.cz\/en\/contact\/\"><span class=\"fusion-button-text awb-button__text awb-button__text--default\">contact us<\/span><\/a><\/div><div class=\"fusion-clearfix\"><\/div><\/div><\/div><\/div><\/div>\n<\/p>\n","protected":false},"excerpt":{"rendered":"","protected":false},"author":6,"featured_media":0,"parent":4333,"menu_order":0,"comment_status":"closed","ping_status":"closed","template":"100-width.php","meta":{"footnotes":""},"yoast_head":"<!-- This site is optimized with the Yoast SEO plugin v23.5 - https:\/\/yoast.com\/wordpress\/plugins\/seo\/ -->\n<title>Mgr. Jan Bu\u0159il - Bu\u0159il Partners<\/title>\n<meta name=\"robots\" content=\"index, follow, max-snippet:-1, max-image-preview:large, max-video-preview:-1\" \/>\n<link rel=\"canonical\" href=\"https:\/\/burilpartners.cz\/en\/team\/mgr-jan-buril\/\" \/>\n<meta property=\"og:locale\" content=\"en_US\" \/>\n<meta property=\"og:type\" content=\"article\" \/>\n<meta property=\"og:title\" content=\"Mgr. Jan Bu\u0159il - Bu\u0159il Partners\" \/>\n<meta property=\"og:url\" content=\"https:\/\/burilpartners.cz\/en\/team\/mgr-jan-buril\/\" \/>\n<meta property=\"og:site_name\" content=\"Bu\u0159il Partners\" \/>\n<meta property=\"article:publisher\" content=\"https:\/\/www.facebook.com\/burilpartners\/\" \/>\n<meta property=\"article:modified_time\" content=\"2022-12-18T09:22:50+00:00\" \/>\n<meta name=\"twitter:card\" content=\"summary_large_image\" \/>\n<meta name=\"twitter:label1\" content=\"Est. reading time\" \/>\n\t<meta name=\"twitter:data1\" content=\"3 minutes\" \/>\n<script type=\"application\/ld+json\" class=\"yoast-schema-graph\">{\"@context\":\"https:\/\/schema.org\",\"@graph\":[{\"@type\":\"WebPage\",\"@id\":\"https:\/\/burilpartners.cz\/en\/team\/mgr-jan-buril\/\",\"url\":\"https:\/\/burilpartners.cz\/en\/team\/mgr-jan-buril\/\",\"name\":\"Mgr. Jan Bu\u0159il - Bu\u0159il Partners\",\"isPartOf\":{\"@id\":\"https:\/\/burilpartners.cz\/#website\"},\"datePublished\":\"2019-07-06T09:13:35+00:00\",\"dateModified\":\"2022-12-18T09:22:50+00:00\",\"breadcrumb\":{\"@id\":\"https:\/\/burilpartners.cz\/en\/team\/mgr-jan-buril\/#breadcrumb\"},\"inLanguage\":\"en-US\",\"potentialAction\":[{\"@type\":\"ReadAction\",\"target\":[\"https:\/\/burilpartners.cz\/en\/team\/mgr-jan-buril\/\"]}]},{\"@type\":\"BreadcrumbList\",\"@id\":\"https:\/\/burilpartners.cz\/en\/team\/mgr-jan-buril\/#breadcrumb\",\"itemListElement\":[{\"@type\":\"ListItem\",\"position\":1,\"name\":\"Dom\u016f\",\"item\":\"https:\/\/burilpartners.cz\/en\/\"},{\"@type\":\"ListItem\",\"position\":2,\"name\":\"Team\",\"item\":\"https:\/\/burilpartners.cz\/en\/team\/\"},{\"@type\":\"ListItem\",\"position\":3,\"name\":\"Mgr. Jan Bu\u0159il\"}]},{\"@type\":\"WebSite\",\"@id\":\"https:\/\/burilpartners.cz\/#website\",\"url\":\"https:\/\/burilpartners.cz\/\",\"name\":\"Bu\u0159il Partners\",\"description\":\"pr\u00e1vn\u00ed slu\u017eby\",\"publisher\":{\"@id\":\"https:\/\/burilpartners.cz\/#organization\"},\"potentialAction\":[{\"@type\":\"SearchAction\",\"target\":{\"@type\":\"EntryPoint\",\"urlTemplate\":\"https:\/\/burilpartners.cz\/?s={search_term_string}\"},\"query-input\":{\"@type\":\"PropertyValueSpecification\",\"valueRequired\":true,\"valueName\":\"search_term_string\"}}],\"inLanguage\":\"en-US\"},{\"@type\":\"Organization\",\"@id\":\"https:\/\/burilpartners.cz\/#organization\",\"name\":\"Buril Partners\",\"url\":\"https:\/\/burilpartners.cz\/\",\"logo\":{\"@type\":\"ImageObject\",\"inLanguage\":\"en-US\",\"@id\":\"https:\/\/burilpartners.cz\/#\/schema\/logo\/image\/\",\"url\":\"https:\/\/i1.wp.com\/burilpartners.cz\/wp-content\/uploads\/2019\/07\/BP-logo_100.jpg?fit=417%2C100&ssl=1\",\"contentUrl\":\"https:\/\/i1.wp.com\/burilpartners.cz\/wp-content\/uploads\/2019\/07\/BP-logo_100.jpg?fit=417%2C100&ssl=1\",\"width\":417,\"height\":100,\"caption\":\"Buril Partners\"},\"image\":{\"@id\":\"https:\/\/burilpartners.cz\/#\/schema\/logo\/image\/\"},\"sameAs\":[\"https:\/\/www.facebook.com\/burilpartners\/\"]}]}<\/script>\n<!-- \/ Yoast SEO plugin. -->","yoast_head_json":{"title":"Mgr. Jan Bu\u0159il - Bu\u0159il Partners","robots":{"index":"index","follow":"follow","max-snippet":"max-snippet:-1","max-image-preview":"max-image-preview:large","max-video-preview":"max-video-preview:-1"},"canonical":"https:\/\/burilpartners.cz\/en\/team\/mgr-jan-buril\/","og_locale":"en_US","og_type":"article","og_title":"Mgr. Jan Bu\u0159il - Bu\u0159il Partners","og_url":"https:\/\/burilpartners.cz\/en\/team\/mgr-jan-buril\/","og_site_name":"Bu\u0159il Partners","article_publisher":"https:\/\/www.facebook.com\/burilpartners\/","article_modified_time":"2022-12-18T09:22:50+00:00","twitter_card":"summary_large_image","twitter_misc":{"Est. reading time":"3 minutes"},"schema":{"@context":"https:\/\/schema.org","@graph":[{"@type":"WebPage","@id":"https:\/\/burilpartners.cz\/en\/team\/mgr-jan-buril\/","url":"https:\/\/burilpartners.cz\/en\/team\/mgr-jan-buril\/","name":"Mgr. Jan Bu\u0159il - Bu\u0159il Partners","isPartOf":{"@id":"https:\/\/burilpartners.cz\/#website"},"datePublished":"2019-07-06T09:13:35+00:00","dateModified":"2022-12-18T09:22:50+00:00","breadcrumb":{"@id":"https:\/\/burilpartners.cz\/en\/team\/mgr-jan-buril\/#breadcrumb"},"inLanguage":"en-US","potentialAction":[{"@type":"ReadAction","target":["https:\/\/burilpartners.cz\/en\/team\/mgr-jan-buril\/"]}]},{"@type":"BreadcrumbList","@id":"https:\/\/burilpartners.cz\/en\/team\/mgr-jan-buril\/#breadcrumb","itemListElement":[{"@type":"ListItem","position":1,"name":"Dom\u016f","item":"https:\/\/burilpartners.cz\/en\/"},{"@type":"ListItem","position":2,"name":"Team","item":"https:\/\/burilpartners.cz\/en\/team\/"},{"@type":"ListItem","position":3,"name":"Mgr. Jan Bu\u0159il"}]},{"@type":"WebSite","@id":"https:\/\/burilpartners.cz\/#website","url":"https:\/\/burilpartners.cz\/","name":"Bu\u0159il Partners","description":"pr\u00e1vn\u00ed slu\u017eby","publisher":{"@id":"https:\/\/burilpartners.cz\/#organization"},"potentialAction":[{"@type":"SearchAction","target":{"@type":"EntryPoint","urlTemplate":"https:\/\/burilpartners.cz\/?s={search_term_string}"},"query-input":{"@type":"PropertyValueSpecification","valueRequired":true,"valueName":"search_term_string"}}],"inLanguage":"en-US"},{"@type":"Organization","@id":"https:\/\/burilpartners.cz\/#organization","name":"Buril Partners","url":"https:\/\/burilpartners.cz\/","logo":{"@type":"ImageObject","inLanguage":"en-US","@id":"https:\/\/burilpartners.cz\/#\/schema\/logo\/image\/","url":"https:\/\/i1.wp.com\/burilpartners.cz\/wp-content\/uploads\/2019\/07\/BP-logo_100.jpg?fit=417%2C100&ssl=1","contentUrl":"https:\/\/i1.wp.com\/burilpartners.cz\/wp-content\/uploads\/2019\/07\/BP-logo_100.jpg?fit=417%2C100&ssl=1","width":417,"height":100,"caption":"Buril Partners"},"image":{"@id":"https:\/\/burilpartners.cz\/#\/schema\/logo\/image\/"},"sameAs":["https:\/\/www.facebook.com\/burilpartners\/"]}]}},"_links":{"self":[{"href":"https:\/\/burilpartners.cz\/en\/wp-json\/wp\/v2\/pages\/4347"}],"collection":[{"href":"https:\/\/burilpartners.cz\/en\/wp-json\/wp\/v2\/pages"}],"about":[{"href":"https:\/\/burilpartners.cz\/en\/wp-json\/wp\/v2\/types\/page"}],"author":[{"embeddable":true,"href":"https:\/\/burilpartners.cz\/en\/wp-json\/wp\/v2\/users\/6"}],"replies":[{"embeddable":true,"href":"https:\/\/burilpartners.cz\/en\/wp-json\/wp\/v2\/comments?post=4347"}],"version-history":[{"count":1,"href":"https:\/\/burilpartners.cz\/en\/wp-json\/wp\/v2\/pages\/4347\/revisions"}],"predecessor-version":[{"id":5230,"href":"https:\/\/burilpartners.cz\/en\/wp-json\/wp\/v2\/pages\/4347\/revisions\/5230"}],"up":[{"embeddable":true,"href":"https:\/\/burilpartners.cz\/en\/wp-json\/wp\/v2\/pages\/4333"}],"wp:attachment":[{"href":"https:\/\/burilpartners.cz\/en\/wp-json\/wp\/v2\/media?parent=4347"}],"curies":[{"name":"wp","href":"https:\/\/api.w.org\/{rel}","templated":true}]}}